{"id":3117,"date":"2023-11-06T21:45:38","date_gmt":"2023-11-07T02:45:38","guid":{"rendered":"https:\/\/luznaturalfotografia.com\/producto\/_cqs7611\/"},"modified":"2023-11-06T21:45:38","modified_gmt":"2023-11-07T02:45:38","slug":"_cqs7611","status":"publish","type":"product","link":"https:\/\/luznaturalfotografia.com\/en\/producto\/_cqs7611\/","title":{"rendered":"_CQS7611"},"content":{"rendered":"<p>\u2013 Esta fotograf\u00eda es \u00fanica y exclusivamente de uso personal en su versi\u00f3n impresa o digital.<br \/>\n\u2013 No se permite la reproducci\u00f3n total o parcial de esta obra, ni su incorporaci\u00f3n a un sistema inform\u00e1tico, ni su transmisi\u00f3n en cualquier forma o por cualquier medio (electr\u00f3nico, mec\u00e1nico, fotocopia, grabaci\u00f3n u otros)<br \/>\n\u2013 Queda prohibida la venta, pr\u00e9stamo o alquiler a terceros de esta fotograf\u00eda.<br \/>\n\u2013 Los derechos comerciales e intelectuales de esta fotograf\u00eda son \u00edntegramente del autor: Christian Quispe<\/p>\n","protected":false},"excerpt":{"rendered":"<p>Fotograf\u00eda digital 40\u00d760 cm en formato JPEG, incluye fondo de pantalla para smartphone, tablet y pc<\/p>\n","protected":false},"featured_media":3084,"template":"","meta":{"slim_seo":{"title":"_CQS7611 - Luz Natural Fotograf\u00eda","description":"Fotograf\u00eda digital 40\u00d760 cm en formato JPEG, incluye fondo de pantalla para smartphone, tablet y pc"}},"product_brand":[],"product_cat":[88,89],"product_tag":[90],"class_list":{"0":"post-3117","1":"product","2":"type-product","3":"status-publish","4":"has-post-thumbnail","6":"product_cat-fine-art-en","7":"product_cat-vida-silvestre-en","8":"product_tag-productos-digitales-en","10":"first","11":"instock","12":"downloadable","13":"virtual","14":"purchasable","15":"product-type-simple"},"_links":{"self":[{"href":"https:\/\/luznaturalfotografia.com\/en\/wp-json\/wp\/v2\/product\/3117","targetHints":{"allow":["GET"]}}],"collection":[{"href":"https:\/\/luznaturalfotografia.com\/en\/wp-json\/wp\/v2\/product"}],"about":[{"href":"https:\/\/luznaturalfotografia.com\/en\/wp-json\/wp\/v2\/types\/product"}],"wp:featuredmedia":[{"embeddable":true,"href":"https:\/\/luznaturalfotografia.com\/en\/wp-json\/wp\/v2\/media\/3084"}],"wp:attachment":[{"href":"https:\/\/luznaturalfotografia.com\/en\/wp-json\/wp\/v2\/media?parent=3117"}],"wp:term":[{"taxonomy":"product_brand","embeddable":true,"href":"https:\/\/luznaturalfotografia.com\/en\/wp-json\/wp\/v2\/product_brand?post=3117"},{"taxonomy":"product_cat","embeddable":true,"href":"https:\/\/luznaturalfotografia.com\/en\/wp-json\/wp\/v2\/product_cat?post=3117"},{"taxonomy":"product_tag","embeddable":true,"href":"https:\/\/luznaturalfotografia.com\/en\/wp-json\/wp\/v2\/product_tag?post=3117"}],"curies":[{"name":"wp","href":"https:\/\/api.w.org\/{rel}","templated":true}]}}